{"id":242,"date":"2018-01-17T11:50:52","date_gmt":"2018-01-17T11:50:52","guid":{"rendered":"http:\/\/useappility.com\/wordpress\/?page_id=242"},"modified":"2020-05-04T11:01:02","modified_gmt":"2020-05-04T11:01:02","slug":"pesto-social","status":"publish","type":"page","link":"https:\/\/useappility.com\/en\/pesto-social\/","title":{"rendered":"Pesto Social"},"content":{"rendered":"<div class=\"video video-fit mb\" style=\"padding-top:56.25%;\"><p><iframe loading=\"lazy\" width=\"1020\" height=\"574\" src=\"https:\/\/www.youtube.com\/embed\/kr0eHTwxmZk?feature=oembed\" frameborder=\"0\" allow=\"autoplay; encrypted-media\" allowfullscreen><\/iframe><\/p>\n<\/div>\n<div class=\"row align-center\"  id=\"row-369086530\">\n\n\t<div id=\"col-195383556\" class=\"col medium-8 small-12 large-8\"  >\n\t\t\t\t<div class=\"col-inner\"  >\n\t\t\t\n\t\t\t\n<h1 class=\"super hairline bordered-header\">PestoSocial<\/h1>\n<hr \/>\n<p>Write your messages with your voice and post them immediately to your favorite social network or send them to your instant messaging app. It&#8217;s as simple as speaking your outgoing posts or messages and taping on the logo of the apps you want to post or send it! Your message remains on the screen and you can post it to as many apps as you like without having to speak it again.<\/p>\n<p>It\u2019s quick, easy and safe. Use PestoSocial and communicate under any circumstances. Free your hands and keep your eyes on what\u2019s important while being in a rush to catch your next appointment, cooking your favorite food, exercising at the gym, having forgotten your glasses or just being too lazy to type!<\/p>\n<p>PestoSocial \u2013 Speech To Post is localized in English, French, German, Spanish, Italian, Greek, Turkish, Romanian, Bulgarian, Serbian, Russian, Polish, Portuguese and Chinese.<\/p>\n<p>It supports Afrikaans, Arabic &#8211; Egypt, Arabic &#8211; Jordan, Arabic &#8211; Kuwait, Arabic &#8211; Lebanon, Arabic &#8211; Qatar, Arabic &#8211; UAE, Arabic &#8211; Morocco, Arabic &#8211; Algeria, Arabic &#8211; Bahrain, Arabic &#8211; Oman, Arabic &#8211; Saudi Arabia, Arabic &#8211; Tunisia, Arabic &#8211; Yemen, Bahasa Indonesia, Bahasa Melayu, Catal\u00e0, \u010ce\u0161tina, Dansk, Deutsch, English &#8211; Australia, English &#8211; Canada, English &#8211; India, English &#8211; New Zealand, English &#8211; South Africa, English &#8211; United Kingdom, English &#8211; United States, Espa\u00f1ol &#8211; Argentina, Espa\u00f1ol &#8211; Bolivia, Espa\u00f1ol &#8211; Chile, Espa\u00f1ol &#8211; Colombia, Espa\u00f1ol &#8211; Costa Rica, Espa\u00f1ol &#8211; Ecuador, Espa\u00f1ol &#8211; El Salvador, Espa\u00f1ol &#8211; Espa\u00f1a, Espa\u00f1ol &#8211; Estados Unidos, Espa\u00f1ol &#8211; Guatemala, Espa\u00f1ol &#8211; Honduras, Espa\u00f1ol &#8211; M\u00e9xico, Espa\u00f1ol &#8211; Nicaragua, Espa\u00f1ol &#8211; Panam\u00e1, Espa\u00f1ol &#8211; Paraguay, Espa\u00f1ol &#8211; Per\u00fa, Espa\u00f1ol &#8211; Puerto Rico, Espa\u00f1ol &#8211; Rep\u00fablica Dominicana, Espa\u00f1ol &#8211; Uruguay, Espa\u00f1ol &#8211; Venezuela, Euskara, Filipino, Fran\u00e7ais, Galego, Hrvatski, IsiZulu, \u00cdslenska, Italiano &#8211; Italia, Italiano &#8211; Svizzera, Lietuvi\u0173, Magyar, Nederlands, Norsk bokm\u00e5l, Polski, Portugu\u00eas &#8211; Brasil, Portugu\u00eas &#8211; Portugal, Rom\u00e2n\u0103, Sloven\u0161\u010dina, Sloven\u010dina, Suomi, Svenska, Ti\u1ebfng Vi\u1ec7t, T\u00fcrk\u00e7e, \u0395\u03bb\u03bb\u03b7\u03bd\u03b9\u03ba\u03ac, \u0431\u044a\u043b\u0433\u0430\u0440\u0441\u043a\u0438, P\u0443\u0441\u0441\u043a\u0438\u0439, \u0421\u0440\u043f\u0441\u043a\u0438, \u0423\u043a\u0440\u0430\u0457\u043d\u0441\u044c\u043a\u0430, Hebrew (Israel), Persian, \ud55c\uad6d\uc5b4, \u4e2d\u6587 &#8211; \u666e\u901a\u8bdd (\u4e2d\u56fd\u5927\u9646), \u4e2d\u6587 -\u666e\u901a\u8bdd (\u9999\u6e2f), \u4e2d\u6587 -\u4e2d\u6587 (\u53f0\u7063), \u4e2d\u6587 -\u7cb5\u8a9e (\u9999\u6e2f), \u65e5\u672c\u8a9e, \u0939\u093f\u0928\u094d\u0926\u0940, \u0e20\u0e32\u0e29\u0e32\u0e44\u0e17\u0e22.<\/p>\n<p><i>For the operation of the application Internet access is required.<\/i><\/p>\n<p style=\"text-align: right;\"><span style=\"color: #0000ff;\"><a style=\"color: #0000ff;\" href=\"http:\/\/useappility.com\/wordpress\/wp-content\/uploads\/2019\/01\/PestoSocial-PRIVACY-POLICY.pdf\">Privacy Policy<\/a><\/span><\/p>\n\t\t<\/div>\n\t\t\t\t\t<\/div>\n\n\t\n\n\t<div id=\"col-284077801\" class=\"col medium-4 small-12 large-4\"  >\n\t\t\t\t<div class=\"col-inner\"  >\n\t\t\t\n\t\t\t\n<h3 style=\"text-align: left;\"><span style=\"color: #000000;\">Features<\/span><\/h3>\n<ul style=\"color: #000000; margin-left: 20px;\">\n<li>Supports Social Platforms<\/li>\n<li>Superb Voice Recognition<\/li>\n<li>Fast Response<\/li>\n<li>Easy Sharing<\/li>\n<\/ul>\n<hr \/>\n<div class=\"slider-wrapper relative\" id=\"slider-909306502\" >\n    <div class=\"slider slider-nav-circle slider-nav-large slider-nav-light slider-style-normal\"\n        data-flickity-options='{\n            \"cellAlign\": \"center\",\n            \"imagesLoaded\": true,\n            \"lazyLoad\": 1,\n            \"freeScroll\": false,\n            \"wrapAround\": true,\n            \"autoPlay\": 6000,\n            \"pauseAutoPlayOnHover\" : true,\n            \"prevNextButtons\": true,\n            \"contain\" : true,\n            \"adaptiveHeight\" : true,\n            \"dragThreshold\" : 10,\n            \"percentPosition\": true,\n            \"pageDots\": true,\n            \"rightToLeft\": false,\n            \"draggable\": true,\n            \"selectedAttraction\": 0.1,\n            \"parallax\" : 0,\n            \"friction\": 0.6        }'\n        >\n        \n\t<div class=\"img has-hover x md-x lg-x y md-y lg-y\" id=\"image_1546167165\">\n\t\t\t\t\t\t\t\t<div class=\"img-inner dark\" >\n\t\t\t<img loading=\"lazy\" decoding=\"async\" width=\"461\" height=\"725\" src=\"https:\/\/useappility.com\/wordpress\/wp-content\/uploads\/2018\/02\/screenshot-1-min.png\" class=\"attachment-large size-large\" alt=\"screenshot-1-min\" srcset=\"https:\/\/useappility.com\/wordpress\/wp-content\/uploads\/2018\/02\/screenshot-1-min.png 461w, https:\/\/useappility.com\/wordpress\/wp-content\/uploads\/2018\/02\/screenshot-1-min-191x300.png 191w\" sizes=\"auto, (max-width: 461px) 100vw, 461px\" \/>\t\t\t\t\t\t\n\t\t\t\t\t<\/div>\n\t\t\t\t\t\t\t\t\n<style>\n#image_1546167165 {\n  width: 100%;\n}\n<\/style>\n\t<\/div>\n\t\n\t<div class=\"img has-hover x md-x lg-x y md-y lg-y\" id=\"image_1915991896\">\n\t\t\t\t\t\t\t\t<div class=\"img-inner dark\" >\n\t\t\t<img loading=\"lazy\" decoding=\"async\" width=\"461\" height=\"725\" src=\"https:\/\/useappility.com\/wordpress\/wp-content\/uploads\/2018\/02\/screenshot-4-min.png\" class=\"attachment-large size-large\" alt=\"screenshot-4-min\" srcset=\"https:\/\/useappility.com\/wordpress\/wp-content\/uploads\/2018\/02\/screenshot-4-min.png 461w, https:\/\/useappility.com\/wordpress\/wp-content\/uploads\/2018\/02\/screenshot-4-min-191x300.png 191w\" sizes=\"auto, (max-width: 461px) 100vw, 461px\" \/>\t\t\t\t\t\t\n\t\t\t\t\t<\/div>\n\t\t\t\t\t\t\t\t\n<style>\n#image_1915991896 {\n  width: 100%;\n}\n<\/style>\n\t<\/div>\n\t\n\t<div class=\"img has-hover x md-x lg-x y md-y lg-y\" id=\"image_82960182\">\n\t\t\t\t\t\t\t\t<div class=\"img-inner dark\" >\n\t\t\t<img loading=\"lazy\" decoding=\"async\" width=\"616\" height=\"960\" src=\"https:\/\/useappility.com\/wordpress\/wp-content\/uploads\/2018\/02\/screenshot-2-min.png\" class=\"attachment-large size-large\" alt=\"screenshot-2-min\" srcset=\"https:\/\/useappility.com\/wordpress\/wp-content\/uploads\/2018\/02\/screenshot-2-min.png 616w, https:\/\/useappility.com\/wordpress\/wp-content\/uploads\/2018\/02\/screenshot-2-min-193x300.png 193w\" sizes=\"auto, (max-width: 616px) 100vw, 616px\" \/>\t\t\t\t\t\t\n\t\t\t\t\t<\/div>\n\t\t\t\t\t\t\t\t\n<style>\n#image_82960182 {\n  width: 100%;\n}\n<\/style>\n\t<\/div>\n\t\n\t<div class=\"img has-hover x md-x lg-x y md-y lg-y\" id=\"image_1407505277\">\n\t\t\t\t\t\t\t\t<div class=\"img-inner dark\" >\n\t\t\t<img loading=\"lazy\" decoding=\"async\" width=\"447\" height=\"702\" src=\"https:\/\/useappility.com\/wordpress\/wp-content\/uploads\/2018\/02\/screenshot-3-min.png\" class=\"attachment-large size-large\" alt=\"screenshot-3-min\" srcset=\"https:\/\/useappility.com\/wordpress\/wp-content\/uploads\/2018\/02\/screenshot-3-min.png 447w, https:\/\/useappility.com\/wordpress\/wp-content\/uploads\/2018\/02\/screenshot-3-min-191x300.png 191w\" sizes=\"auto, (max-width: 447px) 100vw, 447px\" \/>\t\t\t\t\t\t\n\t\t\t\t\t<\/div>\n\t\t\t\t\t\t\t\t\n<style>\n#image_1407505277 {\n  width: 100%;\n}\n<\/style>\n\t<\/div>\n\t\n     <\/div>\n\n     <div class=\"loading-spin dark large centered\"><\/div>\n\n\t<\/div>\n\n\n\t<div id=\"gap-711843046\" class=\"gap-element clearfix\" style=\"display:block; height:auto;\">\n\t\t\n<style>\n#gap-711843046 {\n  padding-top: 50px;\n}\n<\/style>\n\t<\/div>\n\t\n\n\t<a class=\"plain\" href=\"http:\/\/goo.gl\/O1obBG\" >\t<div class=\"icon-box featured-box icon-box-center text-center\"  >\n\t\t\t\t\t<div class=\"icon-box-img\" style=\"width: 160px\">\n\t\t\t\t<div class=\"icon\">\n\t\t\t\t\t<div class=\"icon-inner\" >\n\t\t\t\t\t\t<img loading=\"lazy\" decoding=\"async\" width=\"300\" height=\"89\" src=\"https:\/\/useappility.com\/wordpress\/wp-content\/uploads\/2018\/01\/en_badge_web_generic-300x89.png\" class=\"attachment-medium size-medium\" alt=\"\" srcset=\"https:\/\/useappility.com\/wordpress\/wp-content\/uploads\/2018\/01\/en_badge_web_generic-300x89.png 300w, https:\/\/useappility.com\/wordpress\/wp-content\/uploads\/2018\/01\/en_badge_web_generic.png 564w\" sizes=\"auto, (max-width: 300px) 100vw, 300px\" \/>\t\t\t\t\t<\/div>\n\t\t\t\t<\/div>\n\t\t\t<\/div>\n\t\t\t\t<div class=\"icon-box-text last-reset\">\n\t\t\t<h5 class=\"uppercase\">Download<\/h5>\t\t\t\t\t\t\n\t\t<\/div>\n\t<\/div>\n\t<\/a>\n\t\n\t\t<\/div>\n\t\t\t\t\t<\/div>\n\n\t\n<\/div>\n\t<div id=\"gap-1161820211\" class=\"gap-element clearfix\" style=\"display:block; height:auto;\">\n\t\t\n<style>\n#gap-1161820211 {\n  padding-top: 60px;\n}\n<\/style>\n\t<\/div>\n\t\n<div class=\"social-icons share-icons share-row relative full-width text-center icon-style-fill\" ><a href=\"https:\/\/www.facebook.com\/sharer.php?u=https:\/\/useappility.com\/en\/pesto-social\/\" data-label=\"Facebook\" onclick=\"window.open(this.href,this.title,'width=500,height=500,top=300px,left=300px'); return false;\" target=\"_blank\" class=\"icon primary button circle tooltip facebook\" title=\"Share on Facebook\" aria-label=\"Share on Facebook\" rel=\"noopener nofollow\" ><i class=\"icon-facebook\" ><\/i><\/a><a href=\"https:\/\/twitter.com\/share?url=https:\/\/useappility.com\/en\/pesto-social\/\" onclick=\"window.open(this.href,this.title,'width=500,height=500,top=300px,left=300px'); return false;\" target=\"_blank\" class=\"icon primary button circle tooltip twitter\" title=\"Share on Twitter\" aria-label=\"Share on Twitter\" rel=\"noopener nofollow\" ><i class=\"icon-twitter\" ><\/i><\/a><a href=\"mailto:?subject=Pesto%20Social&body=Check%20this%20out%3A%20https%3A%2F%2Fuseappility.com%2Fen%2Fpesto-social%2F\" class=\"icon primary button circle tooltip email\" title=\"Email to a Friend\" aria-label=\"Email to a Friend\" rel=\"nofollow\" ><i class=\"icon-envelop\" ><\/i><\/a><a href=\"https:\/\/www.linkedin.com\/shareArticle?mini=true&url=https:\/\/useappility.com\/en\/pesto-social\/&title=Pesto%20Social\" onclick=\"window.open(this.href,this.title,'width=500,height=500,top=300px,left=300px'); return false;\" target=\"_blank\" class=\"icon primary button circle tooltip linkedin\" title=\"Share on LinkedIn\" aria-label=\"Share on LinkedIn\" rel=\"noopener nofollow\" ><i class=\"icon-linkedin\" ><\/i><\/a><\/div>\n\t<div id=\"gap-972181539\" class=\"gap-element clearfix\" style=\"display:block; height:auto;\">\n\t\t\n<style>\n#gap-972181539 {\n  padding-top: 60px;\n}\n<\/style>\n\t<\/div>\n\t\n<div class=\"row\"  id=\"row-1834758380\">\n\n\t<div id=\"col-148174475\" class=\"col medium-4 small-12 large-4\"  >\n\t\t\t\t<div class=\"col-inner text-center\"  >\n\t\t\t\n\t\t\t\n<a data-animate=\"fadeInLeft\" href=\"http:\/\/useappility.com\/wordpress\/\" class=\"button primary is-outline lowercase\"  style=\"border-radius:99px;\">\n\t<i class=\"icon-angle-left\" aria-hidden=\"true\" ><\/i>\t<span>Back to Useappility<\/span>\n\t<\/a>\n\n\t\t<\/div>\n\t\t\t\t\t<\/div>\n\n\t\n\n\t<div id=\"col-1413780332\" class=\"col medium-4 small-12 large-4\"  >\n\t\t\t\t<div class=\"col-inner\"  >\n\t\t\t\n\t\t\t\n\t\t<\/div>\n\t\t\t\t\t<\/div>\n\n\t\n\n\t<div id=\"col-1653983836\" class=\"col medium-4 small-12 large-4\"  >\n\t\t\t\t<div class=\"col-inner text-center\"  >\n\t\t\t\n\t\t\t\n<a data-animate=\"fadeInLeft\" href=\"https:\/\/useappility.com\/useappility-projects\/\" class=\"button primary is-outline lowercase\"  style=\"border-radius:99px;\">\n\t\t<span>All our Projects<\/span>\n\t<i class=\"icon-angle-right\" aria-hidden=\"true\" ><\/i><\/a>\n\n\t\t<\/div>\n\t\t\t\t\t<\/div>\n\n\t\n<\/div>\n\t<div id=\"gap-606466766\" class=\"gap-element clearfix\" style=\"display:block; height:auto;\">\n\t\t\n<style>\n#gap-606466766 {\n  padding-top: 100px;\n}\n<\/style>\n\t<\/div>","protected":false},"excerpt":{"rendered":"","protected":false},"author":1,"featured_media":0,"parent":0,"menu_order":0,"comment_status":"closed","ping_status":"closed","template":"","meta":{"footnotes":""},"class_list":["post-242","page","type-page","status-publish","hentry"],"_links":{"self":[{"href":"https:\/\/useappility.com\/en\/wp-json\/wp\/v2\/pages\/242","targetHints":{"allow":["GET"]}}],"collection":[{"href":"https:\/\/useappility.com\/en\/wp-json\/wp\/v2\/pages"}],"about":[{"href":"https:\/\/useappility.com\/en\/wp-json\/wp\/v2\/types\/page"}],"author":[{"embeddable":true,"href":"https:\/\/useappility.com\/en\/wp-json\/wp\/v2\/users\/1"}],"replies":[{"embeddable":true,"href":"https:\/\/useappility.com\/en\/wp-json\/wp\/v2\/comments?post=242"}],"version-history":[{"count":25,"href":"https:\/\/useappility.com\/en\/wp-json\/wp\/v2\/pages\/242\/revisions"}],"predecessor-version":[{"id":994,"href":"https:\/\/useappility.com\/en\/wp-json\/wp\/v2\/pages\/242\/revisions\/994"}],"wp:attachment":[{"href":"https:\/\/useappility.com\/en\/wp-json\/wp\/v2\/media?parent=242"}],"curies":[{"name":"wp","href":"https:\/\/api.w.org\/{rel}","templated":true}]}}